{"id":32,"date":"2025-05-21T09:30:48","date_gmt":"2025-05-21T09:30:48","guid":{"rendered":"https:\/\/prm4903a.mmiweb.iut-tlse3.fr\/coliv-castres\/?page_id=32"},"modified":"2026-02-28T12:50:05","modified_gmt":"2026-02-28T12:50:05","slug":"a-propos","status":"publish","type":"page","link":"https:\/\/coliv-castres.com\/?page_id=32","title":{"rendered":"\u00c0 propos"},"content":{"rendered":"\t\t<div data-elementor-type=\"wp-page\" data-elementor-id=\"32\" class=\"elementor elementor-32\" data-elementor-post-type=\"page\">\n\t\t\t\t<div class=\"elementor-element elementor-element-d5ca6cd e-con-full e-flex wpr-particle-no wpr-jarallax-no wpr-parallax-no wpr-sticky-section-no wpr-equal-height-no e-con e-parent\" data-id=\"d5ca6cd\" data-element_type=\"container\" data-e-type=\"container\" data-settings=\"{&quot;background_background&quot;:&quot;classic&quot;}\">\n\t\t\t\t<div class=\"elementor-element elementor-element-6d09e41 elementor-widget elementor-widget-heading\" data-id=\"6d09e41\" data-element_type=\"widget\" data-e-type=\"widget\" data-widget_type=\"heading.default\">\n\t\t\t\t<div class=\"elementor-widget-container\">\n\t\t\t\t\t<h2 class=\"elementor-heading-title elementor-size-default\">\u00c0 propos<\/h2>\t\t\t\t<\/div>\n\t\t\t\t<\/div>\n\t\t\t\t<div class=\"elementor-element elementor-element-b9979f5 elementor-widget elementor-widget-button\" data-id=\"b9979f5\" data-element_type=\"widget\" data-e-type=\"widget\" data-widget_type=\"button.default\">\n\t\t\t\t<div class=\"elementor-widget-container\">\n\t\t\t\t\t\t\t\t\t<div class=\"elementor-button-wrapper\">\n\t\t\t\t\t<a class=\"elementor-button elementor-button-link elementor-size-sm\" href=\"https:\/\/coliv-castres.com\/?page_id=20\">\n\t\t\t\t\t\t<span class=\"elementor-button-content-wrapper\">\n\t\t\t\t\t\t\t\t\t<span class=\"elementor-button-text\">\u2192 En savoir plus<\/span>\n\t\t\t\t\t<\/span>\n\t\t\t\t\t<\/a>\n\t\t\t\t<\/div>\n\t\t\t\t\t\t\t\t<\/div>\n\t\t\t\t<\/div>\n\t\t\t\t<\/div>\n\t\t<div class=\"elementor-element elementor-element-6976c40 e-con-full e-flex wpr-particle-no wpr-jarallax-no wpr-parallax-no wpr-sticky-section-no wpr-equal-height-no e-con e-parent\" data-id=\"6976c40\" data-element_type=\"container\" data-e-type=\"container\">\n\t\t\t\t<div class=\"elementor-element elementor-element-fedb564 elementor-widget elementor-widget-text-editor\" data-id=\"fedb564\" data-element_type=\"widget\" data-e-type=\"widget\" data-widget_type=\"text-editor.default\">\n\t\t\t\t<div class=\"elementor-widget-container\">\n\t\t\t\t\t\t\t\t\t<p data-start=\"332\" data-end=\"865\">Install\u00e9 dans un ancien h\u00f4tel-restaurant enti\u00e8rement r\u00e9habilit\u00e9, Coliv\u2019 Castres propose un espace de 400 m\u00b2 habitables, une grande terrasse de 300 m\u00b2 et un jardin arbor\u00e9 de 800 m\u00b2 en bordure de rivi\u00e8re. Ce lieu unique allie nature, calme et convivialit\u00e9 \u2014 \u00e0 seulement quelques minutes des \u00e9tablissements d\u2019enseignement sup\u00e9rieur de Castres (Campus ISIS, IUT Paul Sabatier, lyc\u00e9e de la Borde Basse, ENSAV). \u00c9tudiant\u00b7es et jeunes couples peuvent facilement s\u2019y rendre \u00e0 pied, \u00e0 v\u00e9lo ou via le bus gratuit qui circule sur la voie verte.<\/p><p data-start=\"867\" data-end=\"986\">Derri\u00e8re ce lieu pas comme les autres, il y a deux visages : Sophie et Fabrice, un duo aussi compl\u00e9mentaire que motiv\u00e9.<\/p><p data-start=\"867\" data-end=\"986\">Le coliving de Castres est n\u00e9 de leur <strong data-start=\"3128\" data-end=\"3179\">envie commune de cr\u00e9er un lieu \u00e0 taille humaine<\/strong>, o\u00f9 tout est pens\u00e9 pour faciliter la vie des jeunes : <strong data-start=\"3234\" data-end=\"3337\">h\u00e9bergement tout-en-un, vie priv\u00e9e pr\u00e9serv\u00e9e, services sur place et accompagnement vers l\u2019autonomie<\/strong>.<br data-start=\"3338\" data-end=\"3341\" \/>Un projet port\u00e9 par <strong data-start=\"3361\" data-end=\"3383\">des valeurs fortes<\/strong> : bienveillance, mixit\u00e9, entraide, et lien entre g\u00e9n\u00e9rations.<\/p>\t\t\t\t\t\t\t\t<\/div>\n\t\t\t\t<\/div>\n\t\t<div class=\"elementor-element elementor-element-b555928 e-con-full e-flex wpr-particle-no wpr-jarallax-no wpr-parallax-no wpr-sticky-section-no wpr-equal-height-no e-con e-child\" data-id=\"b555928\" data-element_type=\"container\" data-e-type=\"container\">\n\t\t<div class=\"elementor-element elementor-element-7b3fa22 e-con-full e-flex wpr-particle-no wpr-jarallax-no wpr-parallax-no wpr-sticky-section-no wpr-equal-height-no e-con e-child\" data-id=\"7b3fa22\" data-element_type=\"container\" data-e-type=\"container\" data-settings=\"{&quot;background_background&quot;:&quot;classic&quot;}\">\n\t\t\t\t<\/div>\n\t\t\t\t<div class=\"elementor-element elementor-element-2b77f56 elementor-widget elementor-widget-text-editor\" data-id=\"2b77f56\" data-element_type=\"widget\" data-e-type=\"widget\" data-widget_type=\"text-editor.default\">\n\t\t\t\t<div class=\"elementor-widget-container\">\n\t\t\t\t\t\t\t\t\t<p data-start=\"1040\" data-end=\"1501\">Apr\u00e8s une carri\u00e8re de plus de 20 ans dans l&#8217;\u00c9ducation nationale, notamment dans l\u2019enseignement sup\u00e9rieur \u00e0 la Borde Basse, Sophie a d\u00e9cid\u00e9 en 2022 de donner un nouveau souffle \u00e0 sa vie professionnelle. Anim\u00e9e par des valeurs fortes de <strong data-start=\"1275\" data-end=\"1322\">transmission, de partage et d\u2019ancrage local<\/strong>, elle s\u2019est lanc\u00e9e avec Fabrice dans l\u2019aventure du coliving, en voyant dans la r\u00e9habilitation de cette ancienne auberge une opportunit\u00e9 unique de cr\u00e9er un projet porteur de sens.<\/p><p data-start=\"1503\" data-end=\"2094\">Aujourd\u2019hui, elle partage son temps entre le coliving et une petite sup\u00e9rette locale, deux activit\u00e9s compl\u00e9mentaires : l\u2019une tourn\u00e9e vers les <strong data-start=\"1645\" data-end=\"1676\">jeunes en qu\u00eate d\u2019autonomie<\/strong>, l\u2019autre vers les <strong data-start=\"1695\" data-end=\"1720\">habitants du quartier<\/strong>. Son objectif ? Offrir un cadre <strong data-start=\"1753\" data-end=\"1794\">s\u00e9curisant, chaleureux et fonctionnel<\/strong>, qui favorise \u00e0 la fois l\u2019\u00e9panouissement personnel des r\u00e9sident\u00b7es et la vitalit\u00e9 de l\u2019\u00e9conomie locale. Son exp\u00e9rience de prof et de maman nourrit sa volont\u00e9 de proposer des prestations de qualit\u00e9 \u00e0 destination des jeunes post-bac, dans un lieu rassurant aussi bien pour eux que pour leurs familles.<\/p>\t\t\t\t\t\t\t\t<\/div>\n\t\t\t\t<\/div>\n\t\t\t\t<\/div>\n\t\t<div class=\"elementor-element elementor-element-c4a87fe e-con-full e-flex wpr-particle-no wpr-jarallax-no wpr-parallax-no wpr-sticky-section-no wpr-equal-height-no e-con e-child\" data-id=\"c4a87fe\" data-element_type=\"container\" data-e-type=\"container\">\n\t\t\t\t<div class=\"elementor-element elementor-element-151282d elementor-widget elementor-widget-text-editor\" data-id=\"151282d\" data-element_type=\"widget\" data-e-type=\"widget\" data-widget_type=\"text-editor.default\">\n\t\t\t\t<div class=\"elementor-widget-container\">\n\t\t\t\t\t\t\t\t\t<p data-start=\"2151\" data-end=\"2467\">Fabrice, 56 ans, a \u00e9volu\u00e9 pendant plus de 17 ans dans une entreprise am\u00e9ricaine de semi-conducteurs. De technicien de laboratoire \u00e0 responsable qualit\u00e9, puis manager d\u2019une \u00e9quipe de 40 personnes, il a acquis une solide expertise en gestion, en mise en place de proc\u00e9dures et en traitement des produits non conformes.<\/p><p data-start=\"2469\" data-end=\"2783\">Apr\u00e8s la fermeture de l\u2019usine (PSE), il rebondit dans l\u2019a\u00e9ronautique, o\u00f9 il devient inspecteur qualit\u00e9 en relation directe avec les clients, puis responsable de production dans diff\u00e9rents secteurs, jusqu\u2019\u00e0 la p\u00e9riode Covid. C\u2019est \u00e0 ce moment qu\u2019il identifie, avec Sophie, <strong data-start=\"2741\" data-end=\"2782\">le potentiel de ce lieu \u00e0 transformer<\/strong>.<\/p><p data-start=\"2785\" data-end=\"3058\">Son exp\u00e9rience technique, son sens de l\u2019organisation et son go\u00fbt pour le travail bien fait ont \u00e9t\u00e9 essentiels dans la r\u00e9novation du b\u00e2timent. Aujourd\u2019hui, il veille au bon fonctionnement du coliving, \u00e0 la s\u00e9curit\u00e9, \u00e0 la qualit\u00e9 des services\u2026 et au confort des r\u00e9sident\u00b7es !<\/p>\t\t\t\t\t\t\t\t<\/div>\n\t\t\t\t<\/div>\n\t\t<div class=\"elementor-element elementor-element-bfe2858 e-con-full e-flex wpr-particle-no wpr-jarallax-no wpr-parallax-no wpr-sticky-section-no wpr-equal-height-no e-con e-child\" data-id=\"bfe2858\" data-element_type=\"container\" data-e-type=\"container\" data-settings=\"{&quot;background_background&quot;:&quot;classic&quot;}\">\n\t\t\t\t<\/div>\n\t\t\t\t<\/div>\n\t\t\t\t<div class=\"elementor-element elementor-element-803540d elementor-widget elementor-widget-text-editor\" data-id=\"803540d\" data-element_type=\"widget\" data-e-type=\"widget\" data-widget_type=\"text-editor.default\">\n\t\t\t\t<div class=\"elementor-widget-container\">\n\t\t\t\t\t\t\t\t\t<p>Ce site a \u00e9t\u00e9 r\u00e9alis\u00e9 par Emilie Prince, une stagiaire en communication et design, dans le cadre d\u2019un projet de fin d\u2019ann\u00e9e. Un grand merci pour cette belle collaboration !<\/p>\t\t\t\t\t\t\t\t<\/div>\n\t\t\t\t<\/div>\n\t\t\t\t<\/div>\n\t\t\t\t<\/div>\n\t\t","protected":false},"excerpt":{"rendered":"<p>\u00c0 propos \u2192 En savoir plus Install\u00e9 dans un ancien h\u00f4tel-restaurant enti\u00e8rement r\u00e9habilit\u00e9, Coliv\u2019 Castres propose un espace de 400 m\u00b2 habitables, une grande terrasse de 300 m\u00b2 et un jardin arbor\u00e9 de 800 m\u00b2 en bordure de rivi\u00e8re. Ce lieu unique allie nature, calme et convivialit\u00e9 \u2014 \u00e0 seulement quelques minutes des \u00e9tablissements d\u2019enseignement sup\u00e9rieur de Castres (Campus ISIS, IUT Paul Sabatier, lyc\u00e9e de la Borde Basse, ENSAV). \u00c9tudiant\u00b7es et jeunes couples peuvent facilement s\u2019y rendre \u00e0 pied, \u00e0 v\u00e9lo ou via le bus gratuit qui circule sur la voie verte. Derri\u00e8re ce lieu pas comme les autres, il y a deux visages : Sophie et Fabrice, un duo aussi compl\u00e9mentaire que motiv\u00e9. Le coliving de Castres est n\u00e9 de leur envie commune de cr\u00e9er un lieu \u00e0 taille humaine, o\u00f9 tout est pens\u00e9 pour faciliter la vie des jeunes : h\u00e9bergement tout-en-un, vie priv\u00e9e pr\u00e9serv\u00e9e, services sur place et accompagnement vers l\u2019autonomie.Un projet port\u00e9 par des valeurs fortes : bienveillance, mixit\u00e9, entraide, et lien entre g\u00e9n\u00e9rations. Apr\u00e8s une carri\u00e8re de plus de 20 ans dans l&#8217;\u00c9ducation nationale, notamment dans l\u2019enseignement sup\u00e9rieur \u00e0 la Borde Basse, Sophie a d\u00e9cid\u00e9 en 2022 de donner un nouveau souffle \u00e0 sa vie professionnelle. Anim\u00e9e par des valeurs fortes de transmission, de partage et d\u2019ancrage local, elle s\u2019est lanc\u00e9e avec Fabrice dans l\u2019aventure du coliving, en voyant dans la r\u00e9habilitation de cette ancienne auberge une opportunit\u00e9 unique de cr\u00e9er un projet porteur de sens. Aujourd\u2019hui, elle partage son temps entre le coliving et une petite sup\u00e9rette locale, deux activit\u00e9s compl\u00e9mentaires : l\u2019une tourn\u00e9e vers les jeunes en qu\u00eate d\u2019autonomie, l\u2019autre vers les habitants du quartier. Son objectif ? Offrir un cadre s\u00e9curisant, chaleureux et fonctionnel, qui favorise \u00e0 la fois l\u2019\u00e9panouissement personnel des r\u00e9sident\u00b7es et la vitalit\u00e9 de l\u2019\u00e9conomie locale. Son exp\u00e9rience de prof et de maman nourrit sa volont\u00e9 de proposer des prestations de qualit\u00e9 \u00e0 destination des jeunes post-bac, dans un lieu rassurant aussi bien pour eux que pour leurs familles. Fabrice, 56 ans, a \u00e9volu\u00e9 pendant plus de 17 ans dans une entreprise am\u00e9ricaine de semi-conducteurs. De technicien de laboratoire \u00e0 responsable qualit\u00e9, puis manager d\u2019une \u00e9quipe de 40 personnes, il a acquis une solide expertise en gestion, en mise en place de proc\u00e9dures et en traitement des produits non conformes. Apr\u00e8s la fermeture de l\u2019usine (PSE), il rebondit dans l\u2019a\u00e9ronautique, o\u00f9 il devient inspecteur qualit\u00e9 en relation directe avec les clients, puis responsable de production dans diff\u00e9rents secteurs, jusqu\u2019\u00e0 la p\u00e9riode Covid. C\u2019est \u00e0 ce moment qu\u2019il identifie, avec Sophie, le potentiel de ce lieu \u00e0 transformer. Son exp\u00e9rience technique, son sens de l\u2019organisation et son go\u00fbt pour le travail bien fait ont \u00e9t\u00e9 essentiels dans la r\u00e9novation du b\u00e2timent. Aujourd\u2019hui, il veille au bon fonctionnement du coliving, \u00e0 la s\u00e9curit\u00e9, \u00e0 la qualit\u00e9 des services\u2026 et au confort des r\u00e9sident\u00b7es ! Ce site a \u00e9t\u00e9 r\u00e9alis\u00e9 par Emilie Prince, une stagiaire en communication et design, dans le cadre d\u2019un projet de fin d\u2019ann\u00e9e. Un grand merci pour cette belle collaboration !<\/p>\n","protected":false},"author":1,"featured_media":0,"parent":0,"menu_order":0,"comment_status":"closed","ping_status":"closed","template":"","meta":{"_acf_changed":false,"_seopress_robots_primary_cat":"","_seopress_titles_title":"\u00c0 propos de Coliv\u2019 Castres \u2013 Notre vision du coliving \u00e9tudiant","_seopress_titles_desc":"Coliv\u2019Castres, c\u2019est un projet humain et local qui facilite la vie des \u00e9tudiants gr\u00e2ce \u00e0 sa localisation proche campus et tous commerces de proximit\u00e9. C'est aussi un lieu con\u00e7u pour les \u00e9tudiants avec des espaces adapt\u00e9s \u00e0 leurs besoins.","_seopress_robots_index":"","footnotes":""},"class_list":["post-32","page","type-page","status-publish","hentry"],"acf":[],"jetpack_sharing_enabled":true,"_links":{"self":[{"href":"https:\/\/coliv-castres.com\/index.php?rest_route=\/wp\/v2\/pages\/32","targetHints":{"allow":["GET"]}}],"collection":[{"href":"https:\/\/coliv-castres.com\/index.php?rest_route=\/wp\/v2\/pages"}],"about":[{"href":"https:\/\/coliv-castres.com\/index.php?rest_route=\/wp\/v2\/types\/page"}],"author":[{"embeddable":true,"href":"https:\/\/coliv-castres.com\/index.php?rest_route=\/wp\/v2\/users\/1"}],"replies":[{"embeddable":true,"href":"https:\/\/coliv-castres.com\/index.php?rest_route=%2Fwp%2Fv2%2Fcomments&post=32"}],"version-history":[{"count":74,"href":"https:\/\/coliv-castres.com\/index.php?rest_route=\/wp\/v2\/pages\/32\/revisions"}],"predecessor-version":[{"id":1121,"href":"https:\/\/coliv-castres.com\/index.php?rest_route=\/wp\/v2\/pages\/32\/revisions\/1121"}],"wp:attachment":[{"href":"https:\/\/coliv-castres.com\/index.php?rest_route=%2Fwp%2Fv2%2Fmedia&parent=32"}],"curies":[{"name":"wp","href":"https:\/\/api.w.org\/{rel}","templated":true}]}}